{"id":9640,"date":"2014-11-11T11:22:42","date_gmt":"2014-11-11T09:22:42","guid":{"rendered":"http:\/\/auto-repair.vamtam.com\/?page_id=9640"},"modified":"2016-10-11T18:09:58","modified_gmt":"2016-10-11T16:09:58","slug":"spolupraca","status":"publish","type":"page","link":"https:\/\/lada-mahindra.sk\/dpfpro\/spolupraca\/","title":{"rendered":"Spolupr\u00e1ca"},"content":{"rendered":"<div class=\"row \"><div class=\"wpv-grid grid-1-1  wpv-first-level first has-background extended\" style=\"\n\t\t\t\tbackground: url( 'http:\/\/www.dpfpro.sk\/wp-content\/themes\/auto-repair\/samples\/images\/footer_bg_pattern.png' ) no-repeat center center;\n\t\t\t\tbackground-size: auto;\n\t\t\tbackground-attachment: fixed;background-color:#ecc200;padding-top:70px;padding-bottom:70px\" id=\"wpv-column-9aae881ec0927e6c8fffe2c04dff20db\" ><div class=\"extended-column-inner\"><style>#wpv-column-9aae881ec0927e6c8fffe2c04dff20db p,#wpv-column-9aae881ec0927e6c8fffe2c04dff20db em,#wpv-column-9aae881ec0927e6c8fffe2c04dff20db .column-title,#wpv-column-9aae881ec0927e6c8fffe2c04dff20db .sep-text h2.regular-title-wrapper,#wpv-column-9aae881ec0927e6c8fffe2c04dff20db .text-divider-double,#wpv-column-9aae881ec0927e6c8fffe2c04dff20db .sep-text .sep-text-line,#wpv-column-9aae881ec0927e6c8fffe2c04dff20db .sep,#wpv-column-9aae881ec0927e6c8fffe2c04dff20db .sep-2,#wpv-column-9aae881ec0927e6c8fffe2c04dff20db .sep-3,#wpv-column-9aae881ec0927e6c8fffe2c04dff20db td,#wpv-column-9aae881ec0927e6c8fffe2c04dff20db th,#wpv-column-9aae881ec0927e6c8fffe2c04dff20db caption{color:#fffcec;}#wpv-column-9aae881ec0927e6c8fffe2c04dff20db:before{background-color:transparent;}<\/style><h3 style=\"text-align: center;\"><span style=\"color: #ffffff;\">Pros\u00edm vypl\u0148te ni\u017e\u0161ie uveden\u00fd formul\u00e1r a my sa V\u00e1m ozveme \u010do najsk\u00f4r aby sme si dohodli obojstranne \u010do mo\u017eno najv\u00fdhodnej\u0161ie podmienky spolupr\u00e1ce.<\/span><\/h3><\/div><\/div><\/div>\n<div class=\"row \"><div class=\"wpv-grid grid-1-1  wpv-first-level first has-background extended\" style=\"\n\t\t\t\tbackground: url( 'http:\/\/www.dpfpro.sk\/wp-content\/themes\/auto-repair\/samples\/images\/footer_bg_pattern.png' ) no-repeat center center;\n\t\t\t\tbackground-size: auto;\n\t\t\tbackground-attachment: fixed;background-color:#F7F7F7;padding-top:0px;padding-bottom:0px\" id=\"appointment\" ><div class=\"extended-column-inner\"><style>#appointment p,#appointment em,#appointment .column-title,#appointment .sep-text h2.regular-title-wrapper,#appointment .text-divider-double,#appointment .sep-text .sep-text-line,#appointment .sep,#appointment .sep-2,#appointment .sep-3,#appointment td,#appointment th,#appointment caption{color:#787878;}#appointment:before{background-color:transparent;}<\/style><div class=\"row \"><div class=\"wpv-grid grid-1-1  first hide-bg-lowres has-background extended\" style=\"\n\t\t\t\tbackground: url( 'http:\/\/www.dpfpro.sk\/wp-content\/uploads\/2013\/03\/contactform_images_filter2.png' ) no-repeat center bottom;\n\t\t\t\tbackground-size: auto;\n\t\t\tbackground-attachment: scroll;padding-top:0px;padding-bottom:50px\" id=\"wpv-column-9432b6b812599a9eadd688b2c5a7bbcc\" ><div class=\"extended-column-inner\"><div class=\"row \"><div class=\"wpv-grid grid-1-4 wpv-hide-lowres first unextended\" style=\"padding-top:0px;padding-bottom:0px\" id=\"wpv-column-a884dbfa10d9bfa170ad905e02a4a254\" ><div class=\"row \"><div class=\"wpv-grid grid-1-1  first unextended animation-zoom-in animated-active\" style=\"padding-top:0px;padding-bottom:0px\" id=\"wpv-column-6832720f19ebfe619030d4935d4e332c\" ><div class=\"push \" style=\"height:10px\"><\/div>\n<p style=\"text-align: right;\"><span class='icon shortcode theme box use-hover' style='color:#808080;font-size:36px !important;'><svg xmlns=\"http:\/\/www.w3.org\/2000\/svg\" width=\"70\" height=\"81\" viewBox=\"0 0 70 81\"><path d=\"M35.062 81c-.975 0-1.939-.263-2.785-.761l-29.412-17.333c-1.727-1.019-2.8-2.919-2.802-4.957l-.063-34.778c-.004-2.041 1.063-3.944 2.786-4.966l29.348-17.446c1.692-1.007 3.886-1.012 5.587-.011l29.414 17.334c1.725 1.016 2.798 2.916 2.801 4.955l.064 34.778c.003 2.041-1.065 3.943-2.786 4.966l-29.349 17.446c-.85.506-1.819.773-2.803.773z\" fill=\"#ffffff\"\/><\/svg><span class='char'>&#57414;<\/span><\/span> <div class=\"push \" style=\"height:20px\"><\/div><\/div><\/div><\/div>\n<div class=\"wpv-grid grid-2-3  unextended\" style=\"padding-top:25px;padding-bottom:0px\" id=\"wpv-column-b233b654f5afadf28cc1038452eb5ba4\" ><div class=\"row \"><div class=\"wpv-grid grid-1-1  first unextended animation-fade-in animated-active\" style=\"padding-top:0px;padding-bottom:0px\" id=\"wpv-column-91a1b8d7a292946941ecf7a27d3960bd\" ><h2>Formul\u00e1r &#8211; Spolupr\u00e1ca<\/h2>\n<div class=\"push \" style=\"height:20px\"><\/div><\/div><\/div>\n<div class=\"row \"><div class=\"wpv-grid grid-1-1  first unextended animation-from-bottom animated-active\" style=\"padding-top:0px;padding-bottom:0px\" id=\"wpv-column-1ac5ec17bdfb977873852338c1fd1571\" ><p>[contact-form-7 404 \"Nen\u00e1jden\u00e9\"]<\/div><\/div><\/div><\/div><\/div><\/div><\/div><\/div><\/div><\/div>\n","protected":false},"excerpt":{"rendered":"","protected":false},"author":1,"featured_media":0,"parent":0,"menu_order":0,"comment_status":"closed","ping_status":"closed","template":"","meta":[],"_links":{"self":[{"href":"https:\/\/lada-mahindra.sk\/dpfpro\/wp-json\/wp\/v2\/pages\/9640"}],"collection":[{"href":"https:\/\/lada-mahindra.sk\/dpfpro\/wp-json\/wp\/v2\/pages"}],"about":[{"href":"https:\/\/lada-mahindra.sk\/dpfpro\/wp-json\/wp\/v2\/types\/page"}],"author":[{"embeddable":true,"href":"https:\/\/lada-mahindra.sk\/dpfpro\/wp-json\/wp\/v2\/users\/1"}],"replies":[{"embeddable":true,"href":"https:\/\/lada-mahindra.sk\/dpfpro\/wp-json\/wp\/v2\/comments?post=9640"}],"version-history":[{"count":2,"href":"https:\/\/lada-mahindra.sk\/dpfpro\/wp-json\/wp\/v2\/pages\/9640\/revisions"}],"predecessor-version":[{"id":10365,"href":"https:\/\/lada-mahindra.sk\/dpfpro\/wp-json\/wp\/v2\/pages\/9640\/revisions\/10365"}],"wp:attachment":[{"href":"https:\/\/lada-mahindra.sk\/dpfpro\/wp-json\/wp\/v2\/media?parent=9640"}],"curies":[{"name":"wp","href":"https:\/\/api.w.org\/{rel}","templated":true}]}}