{"id":8024,"date":"2014-07-04T23:25:06","date_gmt":"2014-07-04T23:25:06","guid":{"rendered":"http:\/\/auto-repair.vamtam.com\/?page_id=8024"},"modified":"2016-04-24T22:56:00","modified_gmt":"2016-04-24T20:56:00","slug":"faq","status":"publish","type":"page","link":"https:\/\/lada-mahindra.sk\/dpfpro\/faq\/","title":{"rendered":"FAQ"},"content":{"rendered":"<div class=\"push \" style=\"height:30px\"><\/div>\n<div class=\"row \"><div class=\"wpv-grid grid-5-6  wpv-first-level first unextended\" style=\"padding-top:0px;padding-bottom:0px\" id=\"wpv-column-d73a400e2901d7d5a76736d1f0aad5e8\" ><div class=\"clearfix dropcap-wrapper\"><div class=\"dropcap-left\"><span class='dropcap1 '>Q<\/span><\/div><div class=\"dropcap-text\">Pre\u010do nie je mo\u017en\u00e9 vy\u010disti\u0165 filter na 100%<\/div> <\/div> <div class=\"push \" style=\"height:20px\"><\/div> <span class='dropcap1 '>A<\/span>Nie je to mo\u017en\u00e9 technologicky. T\u00fdm, \u017ee z\u00e1kazn\u00edci k\u00a0n\u00e1m nosia u\u017e filtre zanesen\u00e9 a\u00a0my ich vy\u010dist\u00edme \u00faplne, samotn\u00e9 vn\u00fatro filtra je u\u017e \u010diasto\u010dne po\u0161koden\u00e9, pri\u010dom jeho oprava nie je mo\u017en\u00e1. V\u00a0podstate sa d\u00e1 poveda\u0165, \u017ee vy\u010dist\u00edme 100% z\u00a0\u010dast\u00ed filtra, ktor\u00e9 s\u00fa v\u00a0poriadku. Nako\u013eko ale ani nov\u00fd filter nemus\u00ed ma\u0165 v\u00a0poriadku 100% vn\u00fatra a\u00a0ke\u010f\u017ee nechceme zav\u00e1dza\u0165 klientov deklarujeme \u201c len\u201c 98%.<\/div><\/div>\n<div class=\"sep-3\"><\/div>\n<div class=\"row \"><div class=\"wpv-grid grid-5-6  wpv-first-level first unextended\" style=\"padding-top:0px;padding-bottom:0px\" id=\"wpv-column-1899c1328c13980972f782a964bbcb99\" ><div class=\"clearfix dropcap-wrapper\"><div class=\"dropcap-left\"><span class='dropcap1 '>Q<\/span><\/div><div class=\"dropcap-text\">Je DPF filter potrebn\u00fd k\u00a0samotnej jazde?<\/div> <\/div> <div class=\"clearboth\"><\/div> <div class=\"push \" style=\"height:20px\"><\/div> <span class='dropcap1 '>A<\/span>V\u00a0podstate nie, d\u00e1 sa samozrejme vymontova\u0165 a\u00a0budete jazdi\u0165 \u010falej. Samozrejme len po Slovensku, v\u00a0okolit\u00fdch krajin\u00e1ch V\u00e1m po zisten\u00ed, \u017ee ste filter odstr\u00e1nili okam\u017eite vezm\u00fa technick\u00fd preukaz. Taktie\u017e neprejdete cez EK. Preto je st\u00e1le v\u00fdhodnej\u0161ie si filter vy\u010disti\u0165 za zlomok ceny oproti cene nov\u00e9ho filtra.<\/div><\/div>\n<div class=\"sep-3\"><\/div>\n<div class=\"row \"><div class=\"wpv-grid grid-5-6  wpv-first-level first unextended\" style=\"padding-top:0px;padding-bottom:0px\" id=\"wpv-column-2317057c0da582759b19963fe6330961\" ><div class=\"clearfix dropcap-wrapper\"><div class=\"dropcap-left\"><span class='dropcap1 '>Q<\/span><\/div><div class=\"dropcap-text\">Ak\u00e9 s\u00fa ceny vy\u010distenia DPF filtra?<\/div> <\/div> <div class=\"clearboth\"><\/div> <div class=\"push \" style=\"height:20px\"><\/div> <span class='dropcap1 '>A<\/span>Ceny si pros\u00edm pozrite v\u00a0sekcii cenn\u00edk. Ceny sme nastavovali tak, aby sa V\u00e1m skuto\u010dne vy\u010distenie a\u00a0teda znovuobnovenie filtra na 98% p\u00f4vodn\u00e9ho stavu skuto\u010dne oplatili.<\/div><\/div>\n<div class=\"sep-3\"><\/div>\n<div class=\"row \"><div class=\"wpv-grid grid-5-6  wpv-first-level first unextended\" style=\"padding-top:0px;padding-bottom:0px\" id=\"wpv-column-468e3ad952707034a47d45e43fc049aa\" ><div class=\"clearfix dropcap-wrapper\"><div class=\"dropcap-left\"><span class='dropcap1 '>Q<\/span><\/div><div class=\"dropcap-text\">Ako zist\u00edm, \u017ee ste filter skuto\u010dne vy\u010distili na 98% ako deklarujete?<\/div> <\/div> <div class=\"clearboth\"><\/div> <div class=\"push \" style=\"height:20px\"><\/div> <span class='dropcap1 '>A<\/span>Je to jednoduch\u00e9, za prv\u00e9 bude auto znovu funk\u010dn\u00e9 za druh\u00e9 k\u00a0nemu dostanete certifik\u00e1t.<\/div><\/div>\n<div class=\"sep-3\"><\/div>\n<div class=\"row \"><div class=\"wpv-grid grid-5-6  wpv-first-level first unextended\" style=\"padding-top:0px;padding-bottom:0px\" id=\"wpv-column-f64510c7a90ab5961cd90ec829247e2f\" ><div class=\"clearfix dropcap-wrapper\"><div class=\"dropcap-left\"><span class='dropcap1 '>Q<\/span><\/div><div class=\"dropcap-text\">Od kedy bude plati\u0165 norma Euro 6, pod\u013ea ktorej mus\u00ed by\u0165 automobil a\u00a0DPF filter prisp\u00f4sobiv\u00fd?<\/div> <\/div> <div class=\"clearboth\"><\/div> <div class=\"push \" style=\"height:20px\"><\/div> <span class='dropcap1 '>A<\/span>Norma Euro 6 plat\u00ed u\u017e od Septembra 2014. Od tohto d\u00e1tumu je ka\u017ed\u00e1 automobilka povinn\u00e1 uv\u00e1dza\u0165 nov\u00e9 modely, ktor\u00e9 sa pohybuj\u00fa v stanoven\u00fdch emisn\u00fdch limitoch. V porovnan\u00ed s predch\u00e1dzaj\u00facimi dvoma nariadeniami sa \u0161estka zameriava najm\u00e4 na oxidy dus\u00edka. Okrem osobn\u00fdch \u00e1ut platia aj pre \u013eahk\u00e9 \u00fa\u017eitkov\u00e9 vozidl\u00e1. Tlak emisn\u00fdch noriem zn\u00ed\u017eil mno\u017estvo pevn\u00fdch \u010dast\u00edc produkovan\u00fdch naftov\u00fdmi motormi zhruba o 100 percent.<\/div><\/div>\n<div class=\"push  wpv-hide-lowres\" style=\"height:60px\"><\/div>\n","protected":false},"excerpt":{"rendered":"","protected":false},"author":1,"featured_media":0,"parent":0,"menu_order":0,"comment_status":"closed","ping_status":"open","template":"","meta":[],"_links":{"self":[{"href":"https:\/\/lada-mahindra.sk\/dpfpro\/wp-json\/wp\/v2\/pages\/8024"}],"collection":[{"href":"https:\/\/lada-mahindra.sk\/dpfpro\/wp-json\/wp\/v2\/pages"}],"about":[{"href":"https:\/\/lada-mahindra.sk\/dpfpro\/wp-json\/wp\/v2\/types\/page"}],"author":[{"embeddable":true,"href":"https:\/\/lada-mahindra.sk\/dpfpro\/wp-json\/wp\/v2\/users\/1"}],"replies":[{"embeddable":true,"href":"https:\/\/lada-mahindra.sk\/dpfpro\/wp-json\/wp\/v2\/comments?post=8024"}],"version-history":[{"count":0,"href":"https:\/\/lada-mahindra.sk\/dpfpro\/wp-json\/wp\/v2\/pages\/8024\/revisions"}],"wp:attachment":[{"href":"https:\/\/lada-mahindra.sk\/dpfpro\/wp-json\/wp\/v2\/media?parent=8024"}],"curies":[{"name":"wp","href":"https:\/\/api.w.org\/{rel}","templated":true}]}}