{"id":10434,"date":"2017-11-14T15:22:06","date_gmt":"2017-11-14T13:22:06","guid":{"rendered":"http:\/\/www.dpfpro.sk\/?page_id=10434"},"modified":"2017-11-14T15:51:24","modified_gmt":"2017-11-14T13:51:24","slug":"blog","status":"publish","type":"page","link":"https:\/\/lada-mahindra.sk\/dpfpro\/blog\/","title":{"rendered":"Blog"},"content":{"rendered":"<div class=\"row\"><div class=\"grid-1-2\"><div class=\"article-item add-border\"><div class=\"article-item-content\"><h3><a href=\"https:\/\/lada-mahindra.sk\/dpfpro\/ako-na-repas-dpf-filtra\/\" class=\"title\">Ako na repas DPF filtra?<\/a><\/h3><p>Okrem vody a oxidu uhli\u010dit\u00e9ho doch\u00e1dza pri chode dieselov\u00e9ho motora aj k produkcii pevn\u00fdch \u010dast\u00edc sadz\u00ed. T\u00fdch diesel vyprodukuje a\u017e 200kr\u00e1t viac ako \u201ebenz\u00edn\u201c. Probl\u00e9mom je, \u017ee ide o \u010dastice, ktor\u00e9 prenikaj\u00fa hlboko do p\u013e\u00fac \u010dloveka a prispievaj\u00fa k vzniku alergi\u00ed \u010di dokonca rakoviny. \u00da\u010dinn\u00fa mo\u017enos\u0165, ako ich v\u010das zachyti\u0165, predstavuje DPF filter. Charakteristika DPF...<\/p><a href=\"https:\/\/lada-mahindra.sk\/dpfpro\/ako-na-repas-dpf-filtra\/\" class=\"vamtam-button accent4  button-filled-small hover-accent3 \"><span class=\"btext\"><strong>\u010c\u00edta\u0165 viac<\/strong><\/span><\/a><\/div><\/div><\/div><div class=\"grid-1-2\"><div class=\"article-item add-border\"><div class=\"article-item-content\"><h3><a href=\"https:\/\/lada-mahindra.sk\/dpfpro\/co-je-dobre-vediet-o-vypalovani-dpf-filtra\/\" class=\"title\">\u010co je dobr\u00e9 vedie\u0165 o vypa\u013eovan\u00ed DPF filtra<\/a><\/h3><p>Ako je zn\u00e1me, dieselov\u00e9 motory produkuj\u00fa ist\u00e9 mno\u017estvo nesp\u00e1len\u00fdch pevn\u00fdch l\u00e1tok, ktor\u00fdch z\u00e1kladom s\u00fa \u010dastice uhl\u00edka ve\u013ek\u00e9 nieko\u013eko stot\u00edn mikrometra. Klasick\u00fd katalyz\u00e1tor ich v\u0161ak nezachyt\u00ed, k tomuto \u00fa\u010delu sl\u00fa\u017ei v ka\u017edom aute s dieselov\u00fdm pohonom tzv. filter pevn\u00fdch \u010dast\u00edc. Jeho \u00fa\u010dinnos\u0165 pri zachycovan\u00ed nesp\u00e1len\u00fdch \u010dast\u00ed je v ide\u00e1lnom pr\u00edpade a\u017e 99%! Spom\u00ednan\u00fd mechanick\u00fd filtra\u010dn\u00fd syst\u00e9m...<\/p><a href=\"https:\/\/lada-mahindra.sk\/dpfpro\/co-je-dobre-vediet-o-vypalovani-dpf-filtra\/\" class=\"vamtam-button accent4  button-filled-small hover-accent3 \"><span class=\"btext\"><strong>\u010c\u00edta\u0165 viac<\/strong><\/span><\/a><\/div><\/div><\/div><\/div><div class=\"row\"><div class=\"grid-1-2\"><div class=\"article-item add-border\"><div class=\"article-item-content\"><h3><a href=\"https:\/\/lada-mahindra.sk\/dpfpro\/regeneracia-dpf-filtra\/\" class=\"title\">Regener\u00e1cia DPF filtra<\/a><\/h3><p>Regener\u00e1cia DPF filtra Ke\u010f\u017ee DPF filtre sl\u00fa\u017eia na zachyt\u00e1vania pevn\u00fdch \u010diasto\u010diek v\u00fdfukov\u00fdch plynov, je jasn\u00e9, \u017ee \u010dasom sa zanes\u00fa a je potrebn\u00e9 ich vy\u010disti\u0165. Kedy je dobr\u00e9 regener\u00e1ciu filtra rie\u0161i\u0165 a ako v\u00f4bec prebieha? Zhruba 150 000 a\u017e 200 000 kilometrov \u2013 tak\u00e1 je v priemere \u017eivotnos\u0165 DPF filtrov, bez ktor\u00fdch sa po zaveden\u00ed emisnej...<\/p><a href=\"https:\/\/lada-mahindra.sk\/dpfpro\/regeneracia-dpf-filtra\/\" class=\"vamtam-button accent4  button-filled-small hover-accent3 \"><span class=\"btext\"><strong>\u010c\u00edta\u0165 viac<\/strong><\/span><\/a><\/div><\/div><\/div><div class=\"grid-1-2\"><div class=\"article-item add-border\"><div class=\"article-item-content\"><h3><a href=\"https:\/\/lada-mahindra.sk\/dpfpro\/cistenie-dpf-filtra-ultrazvukom-ako-prebieha-a-je-vobec-ucinne\/\" class=\"title\">\u010cistenie DPF filtra ultrazvukom \u2013 ako prebieha a je v\u00f4bec \u00fa\u010dinn\u00e9?<\/a><\/h3><p>\u010cistenie DPF filtra ultrazvukom \u2013 ako prebieha a je v\u00f4bec \u00fa\u010dinn\u00e9? Ultrazvukov\u00e9 \u010distenie DPF filtra je jednou z met\u00f3d pre h\u013abkov\u00e9 \u010distenie t\u00fdchto zariaden\u00ed. Tento \u010distiaci proces by mal obnovova\u0165 komponenty filtra, \u010d\u00edm by sa pred\u013a\u017eila ich \u017eivotnos\u0165 a dosiahla sa lep\u0161ia (ni\u017e\u0161ia) spotreba paliva. \u010cistiaca met\u00f3da prostredn\u00edctvom ultrazvuku vyu\u017e\u00edva vysokofrekven\u010dn\u00e9 zvukov\u00e9 vlny s mili\u00f3nmi...<\/p><a href=\"https:\/\/lada-mahindra.sk\/dpfpro\/cistenie-dpf-filtra-ultrazvukom-ako-prebieha-a-je-vobec-ucinne\/\" class=\"vamtam-button accent4  button-filled-small hover-accent3 \"><span class=\"btext\"><strong>\u010c\u00edta\u0165 viac<\/strong><\/span><\/a><\/div><\/div><\/div><\/div><div class=\"row\"><div class=\"grid-1-2\"><div class=\"article-item add-border\"><div class=\"article-item-content\"><h3><a href=\"https:\/\/lada-mahindra.sk\/dpfpro\/filter-pevnych-castic-co-to-je-ako-pracuje-a-mate-ho-vo-vasom-aute-aj-vy\/\" class=\"title\">Filter pevn\u00fdch \u010dast\u00edc \u2013 \u010do to je, ako pracuje a m\u00e1te ho vo va\u0161om aute aj vy?<\/a><\/h3><p>Filter pevn\u00fdch \u010dast\u00edc \u2013 \u010do to je, ako pracuje a m\u00e1te ho vo va\u0161om aute aj vy? Filter pevn\u00fdch \u010dast\u00edc je zn\u00e1my aj pod n\u00e1zvom DPF filter (Diesel Particulate Filter). Jedn\u00e1 sa o zariadenie filtruj\u00face pevn\u00e9 \u010dastice v\u00fdfukov\u00fdch plynov vznetov\u00fdch, respekt\u00edve dieselov\u00fdch motorov. Filter pracuje s viac ako 80% efektivitou, za ist\u00fdch podmienok sa ale...<\/p><a href=\"https:\/\/lada-mahindra.sk\/dpfpro\/filter-pevnych-castic-co-to-je-ako-pracuje-a-mate-ho-vo-vasom-aute-aj-vy\/\" class=\"vamtam-button accent4  button-filled-small hover-accent3 \"><span class=\"btext\"><strong>\u010c\u00edta\u0165 viac<\/strong><\/span><\/a><\/div><\/div><\/div><div class=\"grid-1-2\"><div class=\"article-item add-border\"><div class=\"article-item-content\"><h3><a href=\"https:\/\/lada-mahindra.sk\/dpfpro\/ako-vycistit-dpf-filter\/\" class=\"title\">Ako vy\u010disti\u0165 DPF filter<\/a><\/h3><p>Ako vy\u010disti\u0165 DPF filter Ak je zanesen\u00fd, jeho \u00fa\u010dinnos\u0165 sa dramaticky zni\u017euje \u2013 toto plat\u00ed pre ak\u00fdko\u013evek filtra\u010dn\u00fd syst\u00e9m a filter pevn\u00fdch \u010dast\u00edc nie je v\u00fdnimkou. \u010coho sa treba pri jeho \u010disten\u00ed vyvarova\u0165 a ako postupova\u0165, aby bol cel\u00fd proces \u010distenia \u010do najefekt\u00edvnej\u0161\u00ed? DPF filter sl\u00fa\u017ei na zachyt\u00e1vanie pevn\u00fdch \u010dast\u00edc z v\u00fdfukov\u00fdch plynov dieselov\u00fdch agreg\u00e1tov....<\/p><a href=\"https:\/\/lada-mahindra.sk\/dpfpro\/ako-vycistit-dpf-filter\/\" class=\"vamtam-button accent4  button-filled-small hover-accent3 \"><span class=\"btext\"><strong>\u010c\u00edta\u0165 viac<\/strong><\/span><\/a><\/div><\/div><\/div><\/div><div class=\"row\"><\/div><p>&nbsp;<\/p><p>&nbsp;<\/p><p>&nbsp;<\/p>\n","protected":false},"excerpt":{"rendered":"","protected":false},"author":1,"featured_media":0,"parent":0,"menu_order":0,"comment_status":"closed","ping_status":"closed","template":"","meta":[],"_links":{"self":[{"href":"https:\/\/lada-mahindra.sk\/dpfpro\/wp-json\/wp\/v2\/pages\/10434"}],"collection":[{"href":"https:\/\/lada-mahindra.sk\/dpfpro\/wp-json\/wp\/v2\/pages"}],"about":[{"href":"https:\/\/lada-mahindra.sk\/dpfpro\/wp-json\/wp\/v2\/types\/page"}],"author":[{"embeddable":true,"href":"https:\/\/lada-mahindra.sk\/dpfpro\/wp-json\/wp\/v2\/users\/1"}],"replies":[{"embeddable":true,"href":"https:\/\/lada-mahindra.sk\/dpfpro\/wp-json\/wp\/v2\/comments?post=10434"}],"version-history":[{"count":4,"href":"https:\/\/lada-mahindra.sk\/dpfpro\/wp-json\/wp\/v2\/pages\/10434\/revisions"}],"predecessor-version":[{"id":10444,"href":"https:\/\/lada-mahindra.sk\/dpfpro\/wp-json\/wp\/v2\/pages\/10434\/revisions\/10444"}],"wp:attachment":[{"href":"https:\/\/lada-mahindra.sk\/dpfpro\/wp-json\/wp\/v2\/media?parent=10434"}],"curies":[{"name":"wp","href":"https:\/\/api.w.org\/{rel}","templated":true}]}}